{"id":96,"date":"2014-01-04T23:28:17","date_gmt":"2014-01-04T21:28:17","guid":{"rendered":"http:\/\/www.preuss.ag\/?page_id=96"},"modified":"2017-09-22T10:39:32","modified_gmt":"2017-09-22T08:39:32","slug":"oeffentlichkeitsarbeit","status":"publish","type":"page","link":"https:\/\/kjf-vogelsbergkreis.de\/?page_id=96","title":{"rendered":"\u00d6ffentlichkeitsarbeit"},"content":{"rendered":"<p>Der Fachbereich \u00d6ffentlichkeitsarbeit ist daf\u00fcr zust\u00e4ndig, die \u00d6ffentlichkeit in Form von Presseberichten und Reportagen \u00fcber Veranstaltungen und T\u00e4tigkeiten der Kreisjugendfeuerwehr, in der Tagespresse, sowie in Fachzeitschriften und -zeitungen zu informieren. Weiterhin leitet er das Redaktionsteam f\u00fcr die Homepage sowie die Kan\u00e4le der Sozialen Netzwerke der Kreisjugendfeuerwehr.<\/p>\n<p>Leider ist der Fachbereich derzeit nicht besetzt! Vielleicht ist der Fachbereich \u00d6ffentlichskeitsarbeit ja was f\u00fcr dich! Melde dich jederzeit bei uns!<\/p>\n<hr \/>\n<p style=\"text-align: left;\">Euer<strong> Ansprechpartner <\/strong>ist<strong><br \/>\n<\/strong><\/p>\n<p style=\"text-align: left;\">Kontakt:<br \/>\noeffentlichkeitsarbeit[at]kjf-vogelsbergkreis.de<\/p>\n<p>&nbsp;<\/p>\n","protected":false},"excerpt":{"rendered":"<p>Der Fachbereich \u00d6ffentlichkeitsarbeit ist daf\u00fcr zust\u00e4ndig, die \u00d6ffentlichkeit in Form von Presseberichten und Reportagen \u00fcber Veranstaltungen und T\u00e4tigkeiten der Kreisjugendfeuerwehr, in der Tagespresse, sowie in Fachzeitschriften und -zeitungen zu informieren. Weiterhin leitet er das Redaktionsteam f\u00fcr die Homepage sowie die Kan\u00e4le der Sozialen Netzwerke der Kreisjugendfeuerwehr. Leider ist der Fachbereich derzeit nicht besetzt! Vielleicht ist [&hellip;]<\/p>\n","protected":false},"author":1,"featured_media":0,"parent":56,"menu_order":0,"comment_status":"closed","ping_status":"closed","template":"page-templates\/full-width.php","meta":{"footnotes":""},"_links":{"self":[{"href":"https:\/\/kjf-vogelsbergkreis.de\/index.php?rest_route=\/wp\/v2\/pages\/96"}],"collection":[{"href":"https:\/\/kjf-vogelsbergkreis.de\/index.php?rest_route=\/wp\/v2\/pages"}],"about":[{"href":"https:\/\/kjf-vogelsbergkreis.de\/index.php?rest_route=\/wp\/v2\/types\/page"}],"author":[{"embeddable":true,"href":"https:\/\/kjf-vogelsbergkreis.de\/index.php?rest_route=\/wp\/v2\/users\/1"}],"replies":[{"embeddable":true,"href":"https:\/\/kjf-vogelsbergkreis.de\/index.php?rest_route=%2Fwp%2Fv2%2Fcomments&post=96"}],"version-history":[{"count":12,"href":"https:\/\/kjf-vogelsbergkreis.de\/index.php?rest_route=\/wp\/v2\/pages\/96\/revisions"}],"predecessor-version":[{"id":941,"href":"https:\/\/kjf-vogelsbergkreis.de\/index.php?rest_route=\/wp\/v2\/pages\/96\/revisions\/941"}],"up":[{"embeddable":true,"href":"https:\/\/kjf-vogelsbergkreis.de\/index.php?rest_route=\/wp\/v2\/pages\/56"}],"wp:attachment":[{"href":"https:\/\/kjf-vogelsbergkreis.de\/index.php?rest_route=%2Fwp%2Fv2%2Fmedia&parent=96"}],"curies":[{"name":"wp","href":"https:\/\/api.w.org\/{rel}","templated":true}]}}