{"id":863,"date":"2017-09-21T09:31:38","date_gmt":"2017-09-21T07:31:38","guid":{"rendered":"http:\/\/www.kjf-vogelsbergkreis.de\/?page_id=863"},"modified":"2017-09-22T11:11:44","modified_gmt":"2017-09-22T09:11:44","slug":"siegerlisten","status":"publish","type":"page","link":"https:\/\/kjf-vogelsbergkreis.de\/?page_id=863","title":{"rendered":"Leih&#8216; dir&#8217;s aus!"},"content":{"rendered":"<p><a href=\"https:\/\/kjf-vogelsbergkreis.de\/wp-content\/uploads\/2017\/09\/Daumenhoch_ER_freigestellt.png\"><img loading=\"lazy\" decoding=\"async\" class=\"size-medium wp-image-967 alignleft\" src=\"https:\/\/kjf-vogelsbergkreis.de\/wp-content\/uploads\/2017\/09\/Daumenhoch_ER_freigestellt-127x300.png\" alt=\"\" width=\"127\" height=\"300\" srcset=\"https:\/\/kjf-vogelsbergkreis.de\/wp-content\/uploads\/2017\/09\/Daumenhoch_ER_freigestellt-127x300.png 127w, https:\/\/kjf-vogelsbergkreis.de\/wp-content\/uploads\/2017\/09\/Daumenhoch_ER_freigestellt-768x1809.png 768w, https:\/\/kjf-vogelsbergkreis.de\/wp-content\/uploads\/2017\/09\/Daumenhoch_ER_freigestellt-435x1024.png 435w, https:\/\/kjf-vogelsbergkreis.de\/wp-content\/uploads\/2017\/09\/Daumenhoch_ER_freigestellt-624x1470.png 624w\" sizes=\"(max-width: 127px) 100vw, 127px\" \/><\/a><strong>Beid er Kreisjugendfeuerwehr gibt es einiges zu holen!<\/strong><\/p>\n<p><strong>Wettbewerbe<\/strong><\/p>\n<p>Ihr braucht Material f\u00fcr einen Wettberwerb? Z. B. einen Krichtunnel oder Klemmbretter. Schaut doch mal bei unserem Fachbereich Bundeswettbewerb rein. Die zwei Fachbereichsleiter k\u00f6nnen euch da bestimmt weiter helfen.<\/p>\n<p><strong>Lager und Fahrten<\/strong><\/p>\n<p>\u00c4hnlich sieht es aus, wenn es um ein Zeltlager oder eine Verantaltung geht. Im Fachbereich Lager und Fahrten werden einige Gegenst\u00e4nde (wie Zelte, Isomatten, etc.) verwaltet, die ihr gerne f\u00fcr eure Verantaltung benutzen k\u00f6nnt. Meldet euch einfach bei den Fachbereichsleitern.<\/p>\n<p><strong>Capt. Firefighter und Hydrogirl<\/strong><\/p>\n<p>Der Kreisjugendfeuerwehrwart ist euer Ansprechparter, wenn es um die Werbekampagne der hessischen Jugendfeuerwehr geht. Bei uns bekommt ihr Bauzaunbanner, Beachflags, Roll-Ups und einiges mehr. Die Werbemittel k\u00f6nnt ihr gerne ebenfalls f\u00fcr eure Verantaltung ausleihen. Meldet euch einfach!<\/p>\n","protected":false},"excerpt":{"rendered":"<p>Beid er Kreisjugendfeuerwehr gibt es einiges zu holen! Wettbewerbe Ihr braucht Material f\u00fcr einen Wettberwerb? Z. B. einen Krichtunnel oder Klemmbretter. Schaut doch mal bei unserem Fachbereich Bundeswettbewerb rein. Die zwei Fachbereichsleiter k\u00f6nnen euch da bestimmt weiter helfen. Lager und Fahrten \u00c4hnlich sieht es aus, wenn es um ein Zeltlager oder eine Verantaltung geht. Im [&hellip;]<\/p>\n","protected":false},"author":6,"featured_media":0,"parent":861,"menu_order":0,"comment_status":"closed","ping_status":"closed","template":"page-templates\/full-width.php","meta":{"footnotes":""},"_links":{"self":[{"href":"https:\/\/kjf-vogelsbergkreis.de\/index.php?rest_route=\/wp\/v2\/pages\/863"}],"collection":[{"href":"https:\/\/kjf-vogelsbergkreis.de\/index.php?rest_route=\/wp\/v2\/pages"}],"about":[{"href":"https:\/\/kjf-vogelsbergkreis.de\/index.php?rest_route=\/wp\/v2\/types\/page"}],"author":[{"embeddable":true,"href":"https:\/\/kjf-vogelsbergkreis.de\/index.php?rest_route=\/wp\/v2\/users\/6"}],"replies":[{"embeddable":true,"href":"https:\/\/kjf-vogelsbergkreis.de\/index.php?rest_route=%2Fwp%2Fv2%2Fcomments&post=863"}],"version-history":[{"count":6,"href":"https:\/\/kjf-vogelsbergkreis.de\/index.php?rest_route=\/wp\/v2\/pages\/863\/revisions"}],"predecessor-version":[{"id":971,"href":"https:\/\/kjf-vogelsbergkreis.de\/index.php?rest_route=\/wp\/v2\/pages\/863\/revisions\/971"}],"up":[{"embeddable":true,"href":"https:\/\/kjf-vogelsbergkreis.de\/index.php?rest_route=\/wp\/v2\/pages\/861"}],"wp:attachment":[{"href":"https:\/\/kjf-vogelsbergkreis.de\/index.php?rest_route=%2Fwp%2Fv2%2Fmedia&parent=863"}],"curies":[{"name":"wp","href":"https:\/\/api.w.org\/{rel}","templated":true}]}}