{"id":861,"date":"2017-09-21T09:31:22","date_gmt":"2017-09-21T07:31:22","guid":{"rendered":"http:\/\/www.kjf-vogelsbergkreis.de\/?page_id=861"},"modified":"2017-09-22T11:04:02","modified_gmt":"2017-09-22T09:04:02","slug":"infos","status":"publish","type":"page","link":"https:\/\/kjf-vogelsbergkreis.de\/?page_id=861","title":{"rendered":"Infos"},"content":{"rendered":"<p><a href=\"https:\/\/kjf-vogelsbergkreis.de\/wp-content\/uploads\/2017\/09\/Beide_in_Aktion.png\"><img loading=\"lazy\" decoding=\"async\" class=\"size-medium wp-image-960 alignleft\" src=\"https:\/\/kjf-vogelsbergkreis.de\/wp-content\/uploads\/2017\/09\/Beide_in_Aktion-212x300.png\" alt=\"\" width=\"212\" height=\"300\" srcset=\"https:\/\/kjf-vogelsbergkreis.de\/wp-content\/uploads\/2017\/09\/Beide_in_Aktion-212x300.png 212w, https:\/\/kjf-vogelsbergkreis.de\/wp-content\/uploads\/2017\/09\/Beide_in_Aktion-768x1086.png 768w, https:\/\/kjf-vogelsbergkreis.de\/wp-content\/uploads\/2017\/09\/Beide_in_Aktion-724x1024.png 724w, https:\/\/kjf-vogelsbergkreis.de\/wp-content\/uploads\/2017\/09\/Beide_in_Aktion-624x883.png 624w, https:\/\/kjf-vogelsbergkreis.de\/wp-content\/uploads\/2017\/09\/Beide_in_Aktion.png 1240w\" sizes=\"(max-width: 212px) 100vw, 212px\" \/><\/a><strong>Bei den Fachbereichen nicht f\u00fcndig geworden?<\/strong><\/p>\n<p>Deine erste und beste Option, um deine Frage rund um die Jugendfeuerwehr zu kl\u00e4ren, ist uns doch einfach zu kotaktieren. Die findest heir auf der Seite alle Kontaktinformation deienr Ansprechpartner. Ruf doch kurz an und wir versuchen deine Fragen zu beantworten.<\/p>\n<p>Viel Information gibt es au\u00dferdem noch bei den weiteren Jugendorganisationen, wie Deutsche und Hessische Jugendfeuerwehr. Gerade was die g\u00fcltigen Wettbewerbsregeln angeht, stehen hier unfamgreiche Sammlungen zur Verf\u00fcgung.<\/p>\n<p>Den Webauftritt der Deutsche Jugendfeuerwehr findet ihr <a href=\"http:\/\/www.jugendfeuerwehr.de\/\" target=\"_blank\" rel=\"noopener\">hier<\/a> und die Homepage der Hessische Jugendfeuerwehr ist <a href=\"http:\/\/www.jf-hessen.de\/\" target=\"_blank\" rel=\"noopener\">hier<\/a>.<\/p>\n<p>&nbsp;<\/p>\n","protected":false},"excerpt":{"rendered":"<p>Bei den Fachbereichen nicht f\u00fcndig geworden? Deine erste und beste Option, um deine Frage rund um die Jugendfeuerwehr zu kl\u00e4ren, ist uns doch einfach zu kotaktieren. Die findest heir auf der Seite alle Kontaktinformation deienr Ansprechpartner. Ruf doch kurz an und wir versuchen deine Fragen zu beantworten. Viel Information gibt es au\u00dferdem noch bei den [&hellip;]<\/p>\n","protected":false},"author":6,"featured_media":0,"parent":0,"menu_order":0,"comment_status":"closed","ping_status":"closed","template":"page-templates\/full-width.php","meta":{"footnotes":""},"_links":{"self":[{"href":"https:\/\/kjf-vogelsbergkreis.de\/index.php?rest_route=\/wp\/v2\/pages\/861"}],"collection":[{"href":"https:\/\/kjf-vogelsbergkreis.de\/index.php?rest_route=\/wp\/v2\/pages"}],"about":[{"href":"https:\/\/kjf-vogelsbergkreis.de\/index.php?rest_route=\/wp\/v2\/types\/page"}],"author":[{"embeddable":true,"href":"https:\/\/kjf-vogelsbergkreis.de\/index.php?rest_route=\/wp\/v2\/users\/6"}],"replies":[{"embeddable":true,"href":"https:\/\/kjf-vogelsbergkreis.de\/index.php?rest_route=%2Fwp%2Fv2%2Fcomments&post=861"}],"version-history":[{"count":8,"href":"https:\/\/kjf-vogelsbergkreis.de\/index.php?rest_route=\/wp\/v2\/pages\/861\/revisions"}],"predecessor-version":[{"id":966,"href":"https:\/\/kjf-vogelsbergkreis.de\/index.php?rest_route=\/wp\/v2\/pages\/861\/revisions\/966"}],"wp:attachment":[{"href":"https:\/\/kjf-vogelsbergkreis.de\/index.php?rest_route=%2Fwp%2Fv2%2Fmedia&parent=861"}],"curies":[{"name":"wp","href":"https:\/\/api.w.org\/{rel}","templated":true}]}}