{"id":48,"date":"2014-01-04T02:58:05","date_gmt":"2014-01-04T00:58:05","guid":{"rendered":"http:\/\/www.preuss.ag\/?page_id=48"},"modified":"2020-10-26T22:07:44","modified_gmt":"2020-10-26T20:07:44","slug":"jugendflamme","status":"publish","type":"page","link":"https:\/\/kjf-vogelsbergkreis.de\/?page_id=48","title":{"rendered":"Jugendflamme"},"content":{"rendered":"<p><a href=\"https:\/\/kjf-vogelsbergkreis.de\/wp-content\/uploads\/2014\/01\/DSC_0005.jpg\"><img loading=\"lazy\" decoding=\"async\" class=\"size-medium wp-image-923 alignleft\" src=\"https:\/\/kjf-vogelsbergkreis.de\/wp-content\/uploads\/2014\/01\/DSC_0005-300x199.jpg\" alt=\"\" width=\"300\" height=\"199\" srcset=\"https:\/\/kjf-vogelsbergkreis.de\/wp-content\/uploads\/2014\/01\/DSC_0005-300x199.jpg 300w, https:\/\/kjf-vogelsbergkreis.de\/wp-content\/uploads\/2014\/01\/DSC_0005-768x509.jpg 768w, https:\/\/kjf-vogelsbergkreis.de\/wp-content\/uploads\/2014\/01\/DSC_0005-1024x678.jpg 1024w, https:\/\/kjf-vogelsbergkreis.de\/wp-content\/uploads\/2014\/01\/DSC_0005-624x413.jpg 624w\" sizes=\"(max-width: 300px) 100vw, 300px\" \/><\/a><\/p>\n<p>Die Jugendflamme wird immer beliebter. Aus diesem Grund haben wir einen eigenen Fachbereich f\u00fcr dieses Thema eingerichtet.<\/p>\n<p>Genauso wie die Leistungsspange ist die Jugendflamme ein Symbol, dass der Tr\u00e4ger dieses Zeichens den Anforderungen der Jugendfeuerwehr gewachsen ist. Die Jugendflamme gibt es in drei Stufen f\u00fcr verschiedene Altersklassen.<\/p>\n<p>Der Fachbereich gibt euch Hilfestellung beim \u00dcben und Durchf\u00fchren der Aufgaben zur Jugendflamme. Aber auch bei Vorbereitung und Planung einer Abnahme stehen wir euch gerne zur Seite. Zuletzt gibt es durch den Fachbereichsleiter dann auch den begehrten Stempel in eurem JF-Ausweis.<\/p>\n<p><strong>Die aktuellsten Infos gibt es immer bei der Deutschen Jugendfeuerwehr:<br \/>\n<\/strong><\/p>\n<p><a href=\"https:\/\/jugendfeuerwehr.de\/service\/downloadcenter\/\" target=\"_blank\" rel=\"noopener noreferrer\">Downloadcenter der DJF<\/a><\/p>\n<hr \/>\n<p style=\"text-align: left;\">Euer<strong> Ansprechpartner<\/strong> ist<br \/>\nFrank Wingefeld<\/p>\n<p style=\"text-align: left;\">Kontakt:<br \/>\njugendflamme[at]kjf-vogelsbergkreis.de<\/p>\n","protected":false},"excerpt":{"rendered":"<p>Die Jugendflamme wird immer beliebter. Aus diesem Grund haben wir einen eigenen Fachbereich f\u00fcr dieses Thema eingerichtet. Genauso wie die Leistungsspange ist die Jugendflamme ein Symbol, dass der Tr\u00e4ger dieses Zeichens den Anforderungen der Jugendfeuerwehr gewachsen ist. Die Jugendflamme gibt es in drei Stufen f\u00fcr verschiedene Altersklassen. Der Fachbereich gibt euch Hilfestellung beim \u00dcben und [&hellip;]<\/p>\n","protected":false},"author":1,"featured_media":0,"parent":56,"menu_order":0,"comment_status":"closed","ping_status":"closed","template":"page-templates\/full-width.php","meta":{"footnotes":""},"_links":{"self":[{"href":"https:\/\/kjf-vogelsbergkreis.de\/index.php?rest_route=\/wp\/v2\/pages\/48"}],"collection":[{"href":"https:\/\/kjf-vogelsbergkreis.de\/index.php?rest_route=\/wp\/v2\/pages"}],"about":[{"href":"https:\/\/kjf-vogelsbergkreis.de\/index.php?rest_route=\/wp\/v2\/types\/page"}],"author":[{"embeddable":true,"href":"https:\/\/kjf-vogelsbergkreis.de\/index.php?rest_route=\/wp\/v2\/users\/1"}],"replies":[{"embeddable":true,"href":"https:\/\/kjf-vogelsbergkreis.de\/index.php?rest_route=%2Fwp%2Fv2%2Fcomments&post=48"}],"version-history":[{"count":17,"href":"https:\/\/kjf-vogelsbergkreis.de\/index.php?rest_route=\/wp\/v2\/pages\/48\/revisions"}],"predecessor-version":[{"id":1263,"href":"https:\/\/kjf-vogelsbergkreis.de\/index.php?rest_route=\/wp\/v2\/pages\/48\/revisions\/1263"}],"up":[{"embeddable":true,"href":"https:\/\/kjf-vogelsbergkreis.de\/index.php?rest_route=\/wp\/v2\/pages\/56"}],"wp:attachment":[{"href":"https:\/\/kjf-vogelsbergkreis.de\/index.php?rest_route=%2Fwp%2Fv2%2Fmedia&parent=48"}],"curies":[{"name":"wp","href":"https:\/\/api.w.org\/{rel}","templated":true}]}}