{"id":45,"date":"2014-01-04T02:56:42","date_gmt":"2014-01-04T00:56:42","guid":{"rendered":"http:\/\/www.preuss.ag\/?page_id=45"},"modified":"2022-09-25T16:47:59","modified_gmt":"2022-09-25T14:47:59","slug":"leistungsspange","status":"publish","type":"page","link":"https:\/\/kjf-vogelsbergkreis.de\/?page_id=45","title":{"rendered":"Leistungsspange"},"content":{"rendered":"<p>Hier findet ihr die aktuellen Informationen vom Fachbereich Leistungsspange.<\/p>\n<p>Die Leistungsspange ist das h\u00f6chste Leistungsabzeichen f\u00fcr ein Mitglied der Deutschen Jugendfeuerwehr. Sie wird verliehen, wenn ein Jugendfeuerwehrmitglied in einer Gruppe in f\u00fcnf Bereichen zeigt, dass er\/sie k\u00f6rperlich und geistig den Anforderungen gewachsen ist. Voraussetzung f\u00fcr die Abnahme der Leistungsspange ist die mindestens einj\u00e4hrige Zugeh\u00f6rigkeit zu einer Jugendfeuerwehrgruppe und ein bestimmtes Mindestalter.<a href=\"https:\/\/kjf-vogelsbergkreis.de\/wp-content\/uploads\/2019\/11\/Julia-scaled.jpg\"><img loading=\"lazy\" decoding=\"async\" class=\"alignright size-medium wp-image-1227\" src=\"https:\/\/kjf-vogelsbergkreis.de\/wp-content\/uploads\/2019\/11\/Julia-300x199.jpg\" alt=\"\" width=\"300\" height=\"199\" srcset=\"https:\/\/kjf-vogelsbergkreis.de\/wp-content\/uploads\/2019\/11\/Julia-300x199.jpg 300w, https:\/\/kjf-vogelsbergkreis.de\/wp-content\/uploads\/2019\/11\/Julia-1024x678.jpg 1024w, https:\/\/kjf-vogelsbergkreis.de\/wp-content\/uploads\/2019\/11\/Julia-768x509.jpg 768w, https:\/\/kjf-vogelsbergkreis.de\/wp-content\/uploads\/2019\/11\/Julia-1536x1017.jpg 1536w, https:\/\/kjf-vogelsbergkreis.de\/wp-content\/uploads\/2019\/11\/Julia-2048x1356.jpg 2048w, https:\/\/kjf-vogelsbergkreis.de\/wp-content\/uploads\/2019\/11\/Julia-624x413.jpg 624w\" sizes=\"(max-width: 300px) 100vw, 300px\" \/><\/a><\/p>\n<p><strong>Die neuesten Informationen zur Leistungsspange gibt es hier: <\/strong><\/p>\n<p><a href=\"http:\/\/www.jugendfeuerwehr.de\/schwerpunkte\/wettbewerbe\/leistungsspange\/\" target=\"_blank\" rel=\"noopener noreferrer\">Downloadcenter der DJF<\/a><\/p>\n<p><strong>Die Termine f\u00fcr die Leistungsspange im Vogelsbergkreis sind dieses Jahr:<\/strong><\/p>\n<p>18.09.2022 &#8211; Leistungsspange im Vogelsbergkreis<br \/>\n23.10.2022 &#8211; Nachtermin der Hessischen Jugendfeuerwehr<\/p>\n<hr \/>\n<p style=\"text-align: left;\">Euer<strong> Ansprechpartner <\/strong>ist<br \/>\nJulia Weitzel<\/p>\n<p>Julia \u00fcbernahm den Fachbereich auf dem letzten Delegiertentag. Unter der unten genannten Mail-Adresse solltet ihr die richtigen Antworten auf eure Fragen bekommen.<\/p>\n<p style=\"text-align: left;\">Kontakt:<br \/>\nleistungsspange[at]kjf-vogelsbergkreis.de<\/p>\n","protected":false},"excerpt":{"rendered":"<p>Hier findet ihr die aktuellen Informationen vom Fachbereich Leistungsspange. Die Leistungsspange ist das h\u00f6chste Leistungsabzeichen f\u00fcr ein Mitglied der Deutschen Jugendfeuerwehr. Sie wird verliehen, wenn ein Jugendfeuerwehrmitglied in einer Gruppe in f\u00fcnf Bereichen zeigt, dass er\/sie k\u00f6rperlich und geistig den Anforderungen gewachsen ist. Voraussetzung f\u00fcr die Abnahme der Leistungsspange ist die mindestens einj\u00e4hrige Zugeh\u00f6rigkeit zu [&hellip;]<\/p>\n","protected":false},"author":6,"featured_media":0,"parent":56,"menu_order":0,"comment_status":"closed","ping_status":"closed","template":"page-templates\/full-width.php","meta":{"footnotes":""},"_links":{"self":[{"href":"https:\/\/kjf-vogelsbergkreis.de\/index.php?rest_route=\/wp\/v2\/pages\/45"}],"collection":[{"href":"https:\/\/kjf-vogelsbergkreis.de\/index.php?rest_route=\/wp\/v2\/pages"}],"about":[{"href":"https:\/\/kjf-vogelsbergkreis.de\/index.php?rest_route=\/wp\/v2\/types\/page"}],"author":[{"embeddable":true,"href":"https:\/\/kjf-vogelsbergkreis.de\/index.php?rest_route=\/wp\/v2\/users\/6"}],"replies":[{"embeddable":true,"href":"https:\/\/kjf-vogelsbergkreis.de\/index.php?rest_route=%2Fwp%2Fv2%2Fcomments&post=45"}],"version-history":[{"count":23,"href":"https:\/\/kjf-vogelsbergkreis.de\/index.php?rest_route=\/wp\/v2\/pages\/45\/revisions"}],"predecessor-version":[{"id":1324,"href":"https:\/\/kjf-vogelsbergkreis.de\/index.php?rest_route=\/wp\/v2\/pages\/45\/revisions\/1324"}],"up":[{"embeddable":true,"href":"https:\/\/kjf-vogelsbergkreis.de\/index.php?rest_route=\/wp\/v2\/pages\/56"}],"wp:attachment":[{"href":"https:\/\/kjf-vogelsbergkreis.de\/index.php?rest_route=%2Fwp%2Fv2%2Fmedia&parent=45"}],"curies":[{"name":"wp","href":"https:\/\/api.w.org\/{rel}","templated":true}]}}