{"id":41,"date":"2014-01-04T02:56:13","date_gmt":"2014-01-04T00:56:13","guid":{"rendered":"http:\/\/www.preuss.ag\/?page_id=41"},"modified":"2022-07-03T19:08:54","modified_gmt":"2022-07-03T17:08:54","slug":"bundeswettbewerbe","status":"publish","type":"page","link":"https:\/\/kjf-vogelsbergkreis.de\/?page_id=41","title":{"rendered":"Bundeswettbewerbe"},"content":{"rendered":"<p>Hier findet Sie Informationen vom Fachbereich Bundeswettbewerb.<\/p>\n<p><strong>Allgemeines zum Bundeswettbewerb 2022<\/strong><\/p>\n<p>Im Jahr 2022 k\u00f6nnen Mitglieder der Jugendfeuerwehr mit Eintritt nach L\u00e4ndergesetzgebung bis einschlie\u00dflich Jahrgang 2004 am Bundeswettbewerb der Deutschen Jugendfeuerwehr teilnehmen.<\/p>\n<p>Die Teilnehmer m\u00fcssen am Tag des Wettbewerbes Mitglied der Jugendfeuerwehr sein. Ma\u00dfgebend hierf\u00fcr ist der ordnungsgem\u00e4\u00dfe Mitgliedsausweis der DJF. <strong>Das Eintrittsdatum darf nicht vor dem 10. Geburtstag datiert sein<\/strong>.<\/p>\n<p>F\u00fcr die Durchf\u00fchrung des Bundeswettbewerbes der DJF ist die \u201eWettbewerbsordnung f\u00fcr den Bundeswettbewerb der DJF vom 07.09.2013\u201c (ver\u00f6ffentlicht im \u201eHelfer in der Jugendfeuerwehr 8-05 CD-3-3013 \/ 8-05 -CD-4-2014) anzuwenden. In Hessen gibt es weiterhin eine getrennte Wertung der M\u00e4dchenmannschaften. Der A-Teil wird im Jahr 2022 mit Wasserentnahmestelle \u201eOffenes Gew\u00e4sser\u201c durchgef\u00fchrt.<\/p>\n<p>Au\u00dferdem wird auch in 2022 wieder der Staffelwettbewerb der Hessischen Jugendfeuerwehr nach der \u201eWettbewerbsordnung Staffelwettbewerb HJF\u201c (ver\u00f6ffentlicht im Downloadbereich dieser Seite) als Alternative angeboten.<a href=\"https:\/\/kjf-vogelsbergkreis.de\/wp-content\/uploads\/2019\/11\/mirko-scaled.jpg\"><img loading=\"lazy\" decoding=\"async\" class=\"alignright size-medium wp-image-1228\" src=\"https:\/\/kjf-vogelsbergkreis.de\/wp-content\/uploads\/2019\/11\/mirko-300x199.jpg\" alt=\"\" width=\"300\" height=\"199\" srcset=\"https:\/\/kjf-vogelsbergkreis.de\/wp-content\/uploads\/2019\/11\/mirko-300x199.jpg 300w, https:\/\/kjf-vogelsbergkreis.de\/wp-content\/uploads\/2019\/11\/mirko-1024x678.jpg 1024w, https:\/\/kjf-vogelsbergkreis.de\/wp-content\/uploads\/2019\/11\/mirko-768x509.jpg 768w, https:\/\/kjf-vogelsbergkreis.de\/wp-content\/uploads\/2019\/11\/mirko-1536x1017.jpg 1536w, https:\/\/kjf-vogelsbergkreis.de\/wp-content\/uploads\/2019\/11\/mirko-2048x1356.jpg 2048w, https:\/\/kjf-vogelsbergkreis.de\/wp-content\/uploads\/2019\/11\/mirko-624x413.jpg 624w\" sizes=\"(max-width: 300px) 100vw, 300px\" \/><\/a><\/p>\n<p><strong>Achtung<\/strong>: Aktuelle \u00c4nderungen und Auslegungen zum Bundeswettbewerb findet ihr hier immer unter \u201eDownloadcenter der DJF\u201c. Au\u00dferdem werden die aktuellen \u00c4nderungen sowie Auslegungen auf dem <strong>Wertungsrichterseminar<\/strong> vor dem Delegiertentag durchgesprochen.<\/p>\n<p><strong>Kreiswettbewerbe 2022<\/strong><\/p>\n<p>23.4.2022 &#8211; Wertungsrichterseminar<\/p>\n<p>10.07.2022 &#8211; Kreisentscheid &#8211; Freiensteinau<\/p>\n<p><strong>Anmelderegularien f\u00fcr Kreiswettbewerbe:<\/strong><\/p>\n<p>Bis sp\u00e4testens 14 Tage vor Wettbewerb per E-Mail bei der Fachbereichsleitung\u00a0 (keine namentliche Nennung; nur die Anzahl der Gruppen oder Staffeln und ob M\u00e4dchengruppe). Der genaue Termin ist den jeweiligen Einladungen zu entnehmen. Sp\u00e4ter angemeldete Gruppen finden keine Ber\u00fccksichtigung!<\/p>\n<p><strong>Startzeiten:<\/strong><\/p>\n<p>Grunds\u00e4tzlich gilt: Es werden wieder feste Startzeiten f\u00fcr die Mannschaften vorgegeben.<\/p>\n<p>Die Startzeiten werden ca. 14 Tage vor dem Wettbewerb auf dieser Seite ver\u00f6ffentlicht.<\/p>\n<p><strong>Wertungsrichter:<\/strong><\/p>\n<p>Wie jedes Jahr ben\u00f6tigen wir f\u00fcr die Durchf\u00fchrung der Kreiswettbewerbe wieder gen\u00fcgend Wertungsrichter. Bei Zeit und Interesse einfach eine E-Mail an die Fachbereichsleiter. Ein Einsteigerlehrgang f\u00fcr Wertungsrichter im Vogelsberg ist derzeit noch nicht terminiert. Hierzu ergeht eine gesonderte Einladung<\/p>\n<p>Zu allen Veranstaltungen ist eine namentliche Anmeldung notwendig. Auch diese per E-Mail an die Fachbereichsleiter. Genauere Informationen stehen in den jeweiligen Einladungen.<\/p>\n<p><strong>Informationen zum Bundeswettbewerb:<\/strong><\/p>\n<p><a href=\"https:\/\/jugendfeuerwehr.de\/service\/downloadcenter\/\" target=\"_blank\" rel=\"noopener noreferrer\">Downloadcenter der DJF<\/a><\/p>\n<p><a href=\"https:\/\/www.jf-hessen.de\/jf-wettbewerbe\">Downloadcenter der HJF<\/a><\/p>\n<p><strong>Achtung:<\/strong> Die Downloadseiten f\u00fcr die Schulungsunterlagen der hessischen oder der deutschen Jugendfeuerwehr sinb immer mal nicht erreichbar. Falls ihr drigend was ben\u00f6tigt, reicht eine Mail an den Fachbereich<\/p>\n<hr \/>\n<p style=\"text-align: left;\">Euer<strong> Ansprechpartner <\/strong>ist<strong><br \/>\n<\/strong>Mirko Hohmann<\/p>\n<p style=\"text-align: left;\">Kontakt:<br \/>\nbundeswettbewerb[at]kjf-vogelsbergkreis.de<\/p>\n","protected":false},"excerpt":{"rendered":"<p>Hier findet Sie Informationen vom Fachbereich Bundeswettbewerb. Allgemeines zum Bundeswettbewerb 2022 Im Jahr 2022 k\u00f6nnen Mitglieder der Jugendfeuerwehr mit Eintritt nach L\u00e4ndergesetzgebung bis einschlie\u00dflich Jahrgang 2004 am Bundeswettbewerb der Deutschen Jugendfeuerwehr teilnehmen. Die Teilnehmer m\u00fcssen am Tag des Wettbewerbes Mitglied der Jugendfeuerwehr sein. Ma\u00dfgebend hierf\u00fcr ist der ordnungsgem\u00e4\u00dfe Mitgliedsausweis der DJF. Das Eintrittsdatum darf nicht [&hellip;]<\/p>\n","protected":false},"author":1,"featured_media":0,"parent":56,"menu_order":0,"comment_status":"closed","ping_status":"closed","template":"page-templates\/full-width.php","meta":{"footnotes":""},"_links":{"self":[{"href":"https:\/\/kjf-vogelsbergkreis.de\/index.php?rest_route=\/wp\/v2\/pages\/41"}],"collection":[{"href":"https:\/\/kjf-vogelsbergkreis.de\/index.php?rest_route=\/wp\/v2\/pages"}],"about":[{"href":"https:\/\/kjf-vogelsbergkreis.de\/index.php?rest_route=\/wp\/v2\/types\/page"}],"author":[{"embeddable":true,"href":"https:\/\/kjf-vogelsbergkreis.de\/index.php?rest_route=\/wp\/v2\/users\/1"}],"replies":[{"embeddable":true,"href":"https:\/\/kjf-vogelsbergkreis.de\/index.php?rest_route=%2Fwp%2Fv2%2Fcomments&post=41"}],"version-history":[{"count":86,"href":"https:\/\/kjf-vogelsbergkreis.de\/index.php?rest_route=\/wp\/v2\/pages\/41\/revisions"}],"predecessor-version":[{"id":1321,"href":"https:\/\/kjf-vogelsbergkreis.de\/index.php?rest_route=\/wp\/v2\/pages\/41\/revisions\/1321"}],"up":[{"embeddable":true,"href":"https:\/\/kjf-vogelsbergkreis.de\/index.php?rest_route=\/wp\/v2\/pages\/56"}],"wp:attachment":[{"href":"https:\/\/kjf-vogelsbergkreis.de\/index.php?rest_route=%2Fwp%2Fv2%2Fmedia&parent=41"}],"curies":[{"name":"wp","href":"https:\/\/api.w.org\/{rel}","templated":true}]}}