{"id":142,"date":"2014-05-12T00:18:27","date_gmt":"2014-05-11T22:18:27","guid":{"rendered":"http:\/\/www.preuss.ag\/?page_id=142"},"modified":"2019-03-26T18:33:55","modified_gmt":"2019-03-26T16:33:55","slug":"impressum","status":"publish","type":"page","link":"https:\/\/kjf-vogelsbergkreis.de\/?page_id=142","title":{"rendered":"Impressum"},"content":{"rendered":"<p>Kreisjugendfeuerwehrwart<br \/>\nJ\u00f6rg Blankenburg<br \/>\nAlter Weg 4<br \/>\n36341 Lauterbach &#8211; Maar<\/p>\n<p><strong>Kontakt<\/strong><br \/>\nTel: 06641\/640895<br \/>\nMobil: 0175\/1642113<br \/>\nEmail: kjfw[at]kjf-vogelsbergkreis.de<\/p>\n<p><strong>Realisierung dieser Website<\/strong><\/p>\n<p>Redaktionsteam f\u00fcr die Homepage und Sozialen Netzwerke<\/p>\n<p>Redakteure:<\/p>\n<ul>\n<li><strong>J\u00f6rg Blankenburg (v.i.s.d.p.)<\/strong><\/li>\n<li><strong>Dr. Fabian Frank<\/strong><strong><br \/>\n<\/strong><\/li>\n<\/ul>\n<p>e-Mail der Redaktion: redaktion[at]kjf-vogelsbergkreis.de<\/p>\n<p>Konstruktive Kritik und Anregungen den Internetauftritt betreffend nehmen wir jederzeit gerne entgegen. Namentlich gekennzeichnete Beitr\u00e4ge geben nicht unbedingt die Meinung der Redaktion wieder. Die Verantwortung liegt beim jeweiligen Autor.<\/p>\n<p>Dies ist ein <strong>Redaktionssystem<\/strong>.<br \/>\nF\u00fcr alle Inhalte, Texte und Bilder dieser Internetseite verantwortlich:<br \/>\nKreisjugendfeuerwehr im\u00a0 KFV Vogelsbergkreis e.V.<strong><br \/>\n<\/strong><\/p>\n<p><strong>Datenschutzerkl\u00e4rung<\/strong><br \/>\nWir nehmen den Schutz Ihrer pers\u00f6nlichen Daten sehr ernst und halten uns strikt an die Regeln der Datenschutzgesetze. Ihr Besuch und Ihre Eingaben auf dieser Seite werden zu statistischen Zwecken gespeichert. Die Preisgabe Ihrer Daten erfolgt auf ausdr\u00fccklich freiwilliger Basis. Diese Daten werden nur im technisch notwendigen Umfang erhoben und in keinem Falle ohne Ihre Zustimmung ver\u00f6ffentlicht oder an Dritte weitergegeben.<strong><br \/>\n<\/strong><\/p>\n<p><strong>Haftungshinweis<\/strong><br \/>\nTrotz sorgf\u00e4ltiger inhaltlicher Kontrolle \u00fcbernehmen wir keine Haftung f\u00fcr die Inhalte externer Links. F\u00fcr den Inhalt der verlinkten Seiten sind ausschlie\u00dflich deren Betreiber verantwortlich.<\/p>\n","protected":false},"excerpt":{"rendered":"<p>Kreisjugendfeuerwehrwart J\u00f6rg Blankenburg Alter Weg 4 36341 Lauterbach &#8211; Maar Kontakt Tel: 06641\/640895 Mobil: 0175\/1642113 Email: kjfw[at]kjf-vogelsbergkreis.de Realisierung dieser Website Redaktionsteam f\u00fcr die Homepage und Sozialen Netzwerke Redakteure: J\u00f6rg Blankenburg (v.i.s.d.p.) Dr. Fabian Frank e-Mail der Redaktion: redaktion[at]kjf-vogelsbergkreis.de Konstruktive Kritik und Anregungen den Internetauftritt betreffend nehmen wir jederzeit gerne entgegen. Namentlich gekennzeichnete Beitr\u00e4ge geben nicht [&hellip;]<\/p>\n","protected":false},"author":1,"featured_media":0,"parent":0,"menu_order":0,"comment_status":"closed","ping_status":"closed","template":"page-templates\/full-width.php","meta":{"footnotes":""},"_links":{"self":[{"href":"https:\/\/kjf-vogelsbergkreis.de\/index.php?rest_route=\/wp\/v2\/pages\/142"}],"collection":[{"href":"https:\/\/kjf-vogelsbergkreis.de\/index.php?rest_route=\/wp\/v2\/pages"}],"about":[{"href":"https:\/\/kjf-vogelsbergkreis.de\/index.php?rest_route=\/wp\/v2\/types\/page"}],"author":[{"embeddable":true,"href":"https:\/\/kjf-vogelsbergkreis.de\/index.php?rest_route=\/wp\/v2\/users\/1"}],"replies":[{"embeddable":true,"href":"https:\/\/kjf-vogelsbergkreis.de\/index.php?rest_route=%2Fwp%2Fv2%2Fcomments&post=142"}],"version-history":[{"count":9,"href":"https:\/\/kjf-vogelsbergkreis.de\/index.php?rest_route=\/wp\/v2\/pages\/142\/revisions"}],"predecessor-version":[{"id":1141,"href":"https:\/\/kjf-vogelsbergkreis.de\/index.php?rest_route=\/wp\/v2\/pages\/142\/revisions\/1141"}],"wp:attachment":[{"href":"https:\/\/kjf-vogelsbergkreis.de\/index.php?rest_route=%2Fwp%2Fv2%2Fmedia&parent=142"}],"curies":[{"name":"wp","href":"https:\/\/api.w.org\/{rel}","templated":true}]}}