{"id":102,"date":"2014-01-04T23:29:12","date_gmt":"2014-01-04T21:29:12","guid":{"rendered":"http:\/\/www.preuss.ag\/?page_id=102"},"modified":"2019-04-07T17:59:14","modified_gmt":"2019-04-07T15:59:14","slug":"lager-und-fahrten","status":"publish","type":"page","link":"https:\/\/kjf-vogelsbergkreis.de\/?page_id=102","title":{"rendered":"Lager und Fahrten"},"content":{"rendered":"<p><a href=\"https:\/\/kjf-vogelsbergkreis.de\/wp-content\/uploads\/2014\/01\/DSC_0009.jpg\"><img loading=\"lazy\" decoding=\"async\" class=\"size-medium wp-image-935 alignleft\" src=\"https:\/\/kjf-vogelsbergkreis.de\/wp-content\/uploads\/2014\/01\/DSC_0009-300x199.jpg\" alt=\"\" width=\"300\" height=\"199\" srcset=\"https:\/\/kjf-vogelsbergkreis.de\/wp-content\/uploads\/2014\/01\/DSC_0009-300x199.jpg 300w, https:\/\/kjf-vogelsbergkreis.de\/wp-content\/uploads\/2014\/01\/DSC_0009-768x509.jpg 768w, https:\/\/kjf-vogelsbergkreis.de\/wp-content\/uploads\/2014\/01\/DSC_0009-1024x678.jpg 1024w, https:\/\/kjf-vogelsbergkreis.de\/wp-content\/uploads\/2014\/01\/DSC_0009-624x413.jpg 624w\" sizes=\"(max-width: 300px) 100vw, 300px\" \/><\/a>Der Fachbereich Lager und Fahrten ist f\u00fcr die Planung und Durchf\u00fchrung der Events auf Kreisebene zust\u00e4ndig. Au\u00dferdem k\u00f6nnt ihr euch hier f\u00fcr euer Zeltlager mit Materialien versorgen. Auch Anregungen f\u00fcr Spiele und Aktionen f\u00fcr eure Verantaltung k\u00f6nnt ihr hier bekommen.<\/p>\n<p>Die Freiwillige Feuerwehr Grebenhain stellt der Kreisjugendfeuerwehr Vogelsbergkreis die unten aufgef\u00fchrten Gegenst\u00e4nde unentgeltlich dem Fachbereichsleiter Lager und Fahrten, Karl Lind, zur Verf\u00fcgung.<\/p>\n<p>Standort und Lagerort ist der Feuerwehrst\u00fctzpunkt Grebenhain. Da diese Gegenst\u00e4nde durch Spenden und Sachspenden bereitgestellt werden.<\/p>\n<ul>\n<li>1x 6-Personen-Zelt mit 2 Kabinen und Vorraum<\/li>\n<li>2x 3-Personen-Zelt<\/li>\n<li>2x 2-Personen-Zelt<\/li>\n<li>3x Schlafsack<\/li>\n<li>3x Isomatte<\/li>\n<li>6x Feldbett<\/li>\n<li>Diverse Hilfsmittel f\u00fcr eine Essenszubereitung am offenen Lagerfeuer f\u00fcr ca- 30-40 Personen<\/li>\n<\/ul>\n<p>Die Fachbereichsleiter Lager und Fahrten \u00a0beraten und unterst\u00fctzen auch gerne bei der Vorbereitung und Durchf\u00fchrung eines Zeltlagers auf Standort- oder Stadt-\/Gemeindeebene.<\/p>\n<hr \/>\n<p style=\"text-align: left;\">Euer<strong> Ansprechpartner<\/strong> ist<br \/>\nKarl Lind<\/p>\n<p style=\"text-align: left;\">Kontakt:<br \/>\nlager-fahrten[at]kjf-vogelsbergkreis.de<\/p>\n","protected":false},"excerpt":{"rendered":"<p>Der Fachbereich Lager und Fahrten ist f\u00fcr die Planung und Durchf\u00fchrung der Events auf Kreisebene zust\u00e4ndig. Au\u00dferdem k\u00f6nnt ihr euch hier f\u00fcr euer Zeltlager mit Materialien versorgen. Auch Anregungen f\u00fcr Spiele und Aktionen f\u00fcr eure Verantaltung k\u00f6nnt ihr hier bekommen. Die Freiwillige Feuerwehr Grebenhain stellt der Kreisjugendfeuerwehr Vogelsbergkreis die unten aufgef\u00fchrten Gegenst\u00e4nde unentgeltlich dem Fachbereichsleiter [&hellip;]<\/p>\n","protected":false},"author":1,"featured_media":0,"parent":56,"menu_order":0,"comment_status":"closed","ping_status":"closed","template":"page-templates\/full-width.php","meta":{"footnotes":""},"_links":{"self":[{"href":"https:\/\/kjf-vogelsbergkreis.de\/index.php?rest_route=\/wp\/v2\/pages\/102"}],"collection":[{"href":"https:\/\/kjf-vogelsbergkreis.de\/index.php?rest_route=\/wp\/v2\/pages"}],"about":[{"href":"https:\/\/kjf-vogelsbergkreis.de\/index.php?rest_route=\/wp\/v2\/types\/page"}],"author":[{"embeddable":true,"href":"https:\/\/kjf-vogelsbergkreis.de\/index.php?rest_route=\/wp\/v2\/users\/1"}],"replies":[{"embeddable":true,"href":"https:\/\/kjf-vogelsbergkreis.de\/index.php?rest_route=%2Fwp%2Fv2%2Fcomments&post=102"}],"version-history":[{"count":10,"href":"https:\/\/kjf-vogelsbergkreis.de\/index.php?rest_route=\/wp\/v2\/pages\/102\/revisions"}],"predecessor-version":[{"id":1158,"href":"https:\/\/kjf-vogelsbergkreis.de\/index.php?rest_route=\/wp\/v2\/pages\/102\/revisions\/1158"}],"up":[{"embeddable":true,"href":"https:\/\/kjf-vogelsbergkreis.de\/index.php?rest_route=\/wp\/v2\/pages\/56"}],"wp:attachment":[{"href":"https:\/\/kjf-vogelsbergkreis.de\/index.php?rest_route=%2Fwp%2Fv2%2Fmedia&parent=102"}],"curies":[{"name":"wp","href":"https:\/\/api.w.org\/{rel}","templated":true}]}}